{"id":1955,"date":"2021-09-05T13:05:47","date_gmt":"2021-09-05T13:05:47","guid":{"rendered":"https:\/\/lorklinika.lv\/?post_type=product&#038;p=1955"},"modified":"2021-09-13T19:22:19","modified_gmt":"2021-09-13T19:22:19","slug":"inga-bite","status":"publish","type":"product","link":"https:\/\/lorklinika.lv\/en\/product\/inga-bite\/","title":{"rendered":"Inga Bite-Otorinolaringologs"},"content":{"rendered":"<div class=\"woocommerce\"><div class=\"product\"><div class=\"woocommerce-notices-wrapper\"><\/div><h1 class=\"product_title entry-title\">Inga Bite-Otorinolaringologs<\/h1><p class=\"price\"><\/p>\n<noscript>\r\n\tYour browser must support JavaScript in order to schedule an appointment.<\/noscript>\r\n<form\r\n\tclass=\"wc-appointments-appointment-form-wrap cart\"\r\n\taction=\"\"\r\n\tmethod=\"post\"\r\n\tenctype='multipart\/form-data'\r\n\tautocomplete=\"off\"\r\n>\r\n \t<div id=\"wc-appointments-appointment-form\" class=\"wc-appointments-appointment-form\" style=\"display:none\">\r\n\t\t<div class=\"wc-appointments-appointment-hook wc-appointments-appointment-hook-before\">\r\n\t\t\t\t\t<\/div>\r\n\t\t<fieldset class=\"wc-appointments-date-picker notranslate wc_appointments_field_start_date\">\r\n\t<legend>\r\n\t\t<span class=\"label\"><small class=\"wc-appointments-date-picker-choose-date\">Choose...<\/small><\/span>\r\n\t<\/legend>\r\n\t<div class=\"picker\"\r\n\t\tdata-default-availability=\"false\"\r\n\t\tdata-min_date=\"0\"\r\n\t\tdata-max_date=\"+2m\"\r\n\t\tdata-default_date=\"2026-04-14\"\r\n\t\tdata-product_id=\"1955\"\r\n\t\tdata-duration_unit=\"minute\"\r\n\t\tdata-appointment_duration=\"1\"\r\n\t\tdata-availability_span=\"\"\r\n\t\tdata-is_autoselect=\"\"\r\n\t\tdata-timezone_conversion=\"\"\r\n\t><\/div>\r\n\t<div class=\"wc-appointments-date-picker-date-fields\">\r\n\t\t\t\t<label>\r\n\t\t\t<input type=\"text\" autocomplete=\"off\" name=\"wc_appointments_field_start_date_month\" placeholder=\"mm\" size=\"2\" class=\"required_for_calculation appointment_date_month\" \/>\r\n\t\t\t<span>Month<\/span>\r\n\t\t<\/label> \/ <label>\r\n\t\t\t<input type=\"text\" autocomplete=\"off\" name=\"wc_appointments_field_start_date_day\" placeholder=\"dd\" size=\"2\" class=\"required_for_calculation appointment_date_day\" \/>\r\n\t\t\t<span>Day<\/span>\r\n\t\t<\/label>\r\n\t\t\t\t\/ <label>\r\n\t\t\t<input type=\"text\" autocomplete=\"off\" value=\"2026\" name=\"wc_appointments_field_start_date_year\" placeholder=\"YYYY\" size=\"4\" class=\"required_for_calculation appointment_date_year\" \/>\r\n\t\t\t<span>Year<\/span>\r\n\t\t<\/label>\r\n\t<\/div>\r\n<\/fieldset>\r\n<div class=\"form-field form-field-wide\">\r\n\t<!--<label for=\"wc_appointments_field_start_date\" class=\"wc-appointments-time-picker-choose-time\">Time:<\/label>-->\r\n\t<div class=\"slot-picker\">\r\n\t\tChoose a date above to see available time slots.\t<\/div>\r\n\t<input type=\"hidden\" class=\"required_for_calculation\" name=\"wc_appointments_field_start_date_time\" id=\"wc_appointments_field_start_date\" \/>\r\n<\/div>\r\n<p class=\"form-field form-field-wide wc_appointments_field_addons_duration\" style=\"display: none;\">\r\n\t<label for=\"wc_appointments_field_addons_duration\">:<\/label>\r\n\t<input\r\n\t\ttype=\"hidden\"\r\n\t\tvalue=\"0\"\r\n\t\tstep=\"\"\r\n\t\tmin=\"\"\r\n\t\tmax=\"\"\r\n\t\tname=\"wc_appointments_field_addons_duration\"\r\n\t\tid=\"wc_appointments_field_addons_duration\"\r\n\t\/> <\/p>\r\n<p class=\"form-field form-field-wide wc_appointments_field_addons_cost\" style=\"display: none;\">\r\n\t<label for=\"wc_appointments_field_addons_cost\">:<\/label>\r\n\t<input\r\n\t\ttype=\"hidden\"\r\n\t\tvalue=\"0\"\r\n\t\tstep=\"\"\r\n\t\tmin=\"\"\r\n\t\tmax=\"\"\r\n\t\tname=\"wc_appointments_field_addons_cost\"\r\n\t\tid=\"wc_appointments_field_addons_cost\"\r\n\t\/> <\/p>\r\n\t\t<div class=\"wc-appointments-appointment-hook wc-appointments-appointment-hook-after\">\r\n\t\t\t\t\t<\/div>\r\n\t\t<div class=\"wc-appointments-appointment-cost\"><\/div>\r\n\t<\/div>\r\n\t\t<input\r\n\t\ttype=\"hidden\"\r\n\t\tname=\"add-to-cart\"\r\n\t\tvalue=\"1955\"\r\n\t\tclass=\"wc-appointment-product-id\"\r\n\t\/>\r\n\t\t<button\r\n\t\ttype=\"submit\"\r\n\t\tclass=\"wc-appointments-appointment-form-button single_add_to_cart_button button alt disabled\"\r\n\t\tstyle=\"display:none\"\r\n\t>\r\n\t\tBook Now\t<\/button>\r\n \t<\/form>\r\n<div class=\"product_meta\">\n\n\t\n\t\n\t<span class=\"posted_in\">Categories: <a href=\"https:\/\/lorklinika.lv\/en\/product-category\/arstu-pienemsanas-laiki-pardaugava-vienibas-gatve-51\/\" rel=\"tag\">\u0100rstu pie\u0146em\u0161anas laiki P\u0101rdaugav\u0101, Vien\u012bbas gatv\u0113 51<\/a>, <a href=\"https:\/\/lorklinika.lv\/en\/product-category\/arstu-pienemsanas-laiki-pardaugava-vienibas-gatve-51\/otorinolaringologs-2\/\" rel=\"tag\">Otorinolaringologs<\/a><\/span>\n\t\n\t\n<\/div>\n<\/div><\/div>\n","protected":false},"excerpt":{"rendered":"","protected":false},"featured_media":0,"comment_status":"open","ping_status":"closed","template":"","meta":{"_acf_changed":false},"product_brand":[],"product_cat":[105,109],"product_tag":[],"class_list":{"0":"post-1955","1":"product","2":"type-product","3":"status-publish","5":"product_cat-arstu-pienemsanas-laiki-pardaugava-vienibas-gatve-51","6":"product_cat-otorinolaringologs-2","8":"first","9":"instock","10":"virtual","11":"purchasable","12":"product-type-appointment"},"acf":[],"_links":{"self":[{"href":"https:\/\/lorklinika.lv\/en\/wp-json\/wp\/v2\/product\/1955","targetHints":{"allow":["GET"]}}],"collection":[{"href":"https:\/\/lorklinika.lv\/en\/wp-json\/wp\/v2\/product"}],"about":[{"href":"https:\/\/lorklinika.lv\/en\/wp-json\/wp\/v2\/types\/product"}],"replies":[{"embeddable":true,"href":"https:\/\/lorklinika.lv\/en\/wp-json\/wp\/v2\/comments?post=1955"}],"wp:attachment":[{"href":"https:\/\/lorklinika.lv\/en\/wp-json\/wp\/v2\/media?parent=1955"}],"wp:term":[{"taxonomy":"product_brand","embeddable":true,"href":"https:\/\/lorklinika.lv\/en\/wp-json\/wp\/v2\/product_brand?post=1955"},{"taxonomy":"product_cat","embeddable":true,"href":"https:\/\/lorklinika.lv\/en\/wp-json\/wp\/v2\/product_cat?post=1955"},{"taxonomy":"product_tag","embeddable":true,"href":"https:\/\/lorklinika.lv\/en\/wp-json\/wp\/v2\/product_tag?post=1955"}],"curies":[{"name":"wp","href":"https:\/\/api.w.org\/{rel}","templated":true}]}}